{"id":194,"date":"2022-09-14T11:09:45","date_gmt":"2022-09-14T11:09:45","guid":{"rendered":"https:\/\/aretxabaletabotika.wdemo.net\/?page_id=194"},"modified":"2022-09-14T12:58:02","modified_gmt":"2022-09-14T12:58:02","slug":"pribatutasun-politika","status":"publish","type":"page","link":"https:\/\/aretxabaletabotika.wdemo.net\/eu\/pribatutasun-politika\/","title":{"rendered":"Pribatutasun-politika"},"content":{"rendered":"<p>En ARETXABALETA BOTIKA nos preocupamos por los datos de car\u00e1cter personal que tratamos y por el exacto cumplimiento de la normativa vigente en materia de protecci\u00f3n de datos de car\u00e1cter personal, entre otras, el Reglamento (UE) 2016\/679 del Parlamento Europeo y del Consejo de 27 de abril de 2016 relativo a la protecci\u00f3n de las personas f\u00edsicas en lo que respecta al tratamiento de datos personales y a la libre circulaci\u00f3n de estos datos y por el que se deroga la Directiva 95\/46\/CE.<\/p>\n<p>&nbsp;<\/p>\n<h3>RESPONSABLE DE TRATAMIENTO<\/h3>\n<p><b>Identidad:<\/b> MARIA VICTORIA ANITUA ARRIOLA<br \/>\n<b>IFZ:<\/b> 15349857W<br \/>\n<b>Direcci\u00f3n:<\/b> Barrio Belorrieta 1, 20550 Aretxabaleta<br \/>\n<b>Correo electr\u00f3nico:<\/b> <a href=\"mailto:aretxabaletabotika@gmail.com\">aretxabaletabotika@gmail.com<\/a><\/p>\n<p>&nbsp;<\/p>\n<h3>TRATAMIENTO DE DATOS Y DURACION<\/h3>\n<p>ARETXABALETA BOTIKA tratar\u00e1:<\/p>\n<p>\n&#8211; Los datos de car\u00e1cter personal facilitados con ocasi\u00f3n del registro, en general; identificativos, caracter\u00edsticas personales, y de contacto electr\u00f3nico, en particular;<br \/>\n&#8211; Los datos autorizados en caso de registro por medio del login de redes sociales;<br \/>\n&#8211; Datos derivados de la relaci\u00f3n comercial con ARETXABALETA BOTIKA, esto es, los procedentes del uso de los distintos Servicios;<br \/>\n&#8211; En su caso, aquellos que se faciliten en el proceso de compra o contrataci\u00f3n, en general; los obtenidos por el uso de la tarjeta (medio de pago y\/o fidelizaci\u00f3n), as\u00ed como las compras asociadas a la misma y datos para efectuar\/ autorizar el pago y facturar los productos y servicios, en particular;<br \/>\n&#8211; Los resultantes de procesos inform\u00e1ticos (h\u00e1bitos de navegaci\u00f3n o uso del MEDIO Y\/O ENTORNO DIGITAL), Direcci\u00f3n IP e informaci\u00f3n recopilada a trav\u00e9s de cookies, etiquetas de p\u00edxel y otras tecnolog\u00edas;<br \/>\n&#8211; Aquellos que ARETXABALETA BOTIKA pueda inferir a partir de datos l\u00edcitamente obtenidos.\n<\/p>\n<p>ARETXABALETA BOTIKA tratar\u00e1 y almacenar\u00e1 los datos mientras el usuario est\u00e9 activo en el MEDIO Y\/O ENTORNO DIGITAL y sea cliente, as\u00ed como durante el plazo de prescripci\u00f3n de obligaciones legales, que pudieran nacer de posibles responsabilidades vinculadas al tratamiento de los datos de cliente.<\/p>\n<p>&nbsp;<\/p>\n<h3>CONSENTIMIENTOS DEL USUARIO AL FACILITAR SUS DATOS<\/h3>\n<p>ARETXABALETA BOTIKA, propietaria del medio y\/o entorno digital, almacenar\u00e1 en un fichero los datos de car\u00e1cter personal necesarios, enumerados en el apartado precedente, con la finalidad de:<\/p>\n<p>\n&#8211; Prestar el servicio demandado por el usuario y que ofrece el MEDIO Y\/O ENTORNO DIGITAL, su mantenimiento y mejora, a base de estudios, elaboraci\u00f3n de perfiles, segmentaciones sobre sus datos y\/o cruces con otros ficheros responsabilidad de ARETXABALETA BOTIKA.<br \/>\n&#8211; Ofrecer promociones ligadas a la condici\u00f3n de Cliente, a trav\u00e9s de medios de comunicaci\u00f3n electr\u00f3nica o no, referentes a productos o servicios del sector donde \u00e9sta desarrolla su actividad.\n<\/p>\n<p>&nbsp;<\/p>\n<h3>COMUNICACI\u00d3N DE DATOS A TERCEROS<\/h3>\n<p>Si las autoridades gubernamentales, tales como los cuerpos de seguridad del estado, Jueces y\/o Tribunales, solicitan o requieren informaci\u00f3n o si es necesario presentarla para cumplir alguna Ley, ARETXABALETA BOTIKA comunicar\u00e1 a dichos terceros los datos que \u00e9stos formalmente soliciten.<\/p>\n<p>&nbsp;<\/p>\n<h3>DERECHO DE REVOCACION, ACCESO, SUPRESION, OPOSICION, RECTIFICACION, LIMITACION Y PORTABILIDAD<\/h3>\n<p>Todo cliente podr\u00e1 ejercitar los derechos de acceso, rectificaci\u00f3n, supresi\u00f3n, revocar su consentimiento, oponerse a su tratamiento, limitar el mismo y\/o solicitar la portabilidad de sus datos, a trav\u00e9s de <a href=\"mailto:aretxabaletabotika@gmail.com\">aretxabaletabotika@gmail.com<\/a> o por escrito a ARETXABALETA BOTIKA Barrio Belorrieta 1, 20550 Aretxabaleta.<\/p>\n<p>&nbsp;<\/p>\n<h3>MEDIDAS DE SEGURIDAD Y CONFIDENCIALIDAD<\/h3>\n<p>ARETXABALETA BOTIKA ha adoptado las medidas oportunas de seguridad en sus instalaciones, sistemas y ficheros. Ha establecido todos los medios t\u00e9cnicos a su alcance para evitar la p\u00e9rdida, mal uso, alteraci\u00f3n, acceso no autorizado y robo de los datos que el cliente facilite, velando as\u00ed por su integridad, disponibilidad y confidencialidad.<\/p>\n<p>&nbsp;<\/p>\n<h3>POLITICA DE COOKIES<\/h3>\n<p>ARETXABALETA BOTIKA utiliza cookies. Toda la informaci\u00f3n al respecto en la <a href=\"https:\/\/aretxabaletabotika.wdemo.net\/politica-de-cookies\/\">Pol\u00edtica de Cookies<\/a>.<\/p>\n<p>&nbsp;<\/p>\n<h3>CAMBIOS EN LA POLITICA DE PRIVACIDAD<\/h3>\n<p>ARETXABALETA BOTIKA cumple escrupulosamente con las leyes aplicables a la protecci\u00f3n de datos y la privacidad de los usuarios. Para ello, se reserva el derecho a modificar unilateralmente, en cualquier momento y sin aviso previo, las condiciones de la presente Pol\u00edtica de protecci\u00f3n de datos para adecuarla a cualquier cambio normativo o a cualquier modificaci\u00f3n en la presentaci\u00f3n y configuraci\u00f3n del Portal.<\/p>\n<p>&nbsp;<\/p>\n","protected":false},"excerpt":{"rendered":"<p>En ARETXABALETA BOTIKA nos preocupamos por los datos de car\u00e1cter personal que tratamos y por el exacto cumplimiento de la normativa vigente en materia de protecci\u00f3n de datos de car\u00e1cter personal, entre otras, el Reglamento (UE) 2016\/679 del Parlamento Europeo y del Consejo de 27 de abril de 2016 relativo a la protecci\u00f3n de las [&hellip;]<\/p>\n","protected":false},"author":1,"featured_media":0,"parent":0,"menu_order":0,"comment_status":"closed","ping_status":"open","template":"","meta":[],"acf":[],"_links":{"self":[{"href":"https:\/\/aretxabaletabotika.wdemo.net\/eu\/wp-json\/wp\/v2\/pages\/194"}],"collection":[{"href":"https:\/\/aretxabaletabotika.wdemo.net\/eu\/wp-json\/wp\/v2\/pages"}],"about":[{"href":"https:\/\/aretxabaletabotika.wdemo.net\/eu\/wp-json\/wp\/v2\/types\/page"}],"author":[{"embeddable":true,"href":"https:\/\/aretxabaletabotika.wdemo.net\/eu\/wp-json\/wp\/v2\/users\/1"}],"replies":[{"embeddable":true,"href":"https:\/\/aretxabaletabotika.wdemo.net\/eu\/wp-json\/wp\/v2\/comments?post=194"}],"version-history":[{"count":4,"href":"https:\/\/aretxabaletabotika.wdemo.net\/eu\/wp-json\/wp\/v2\/pages\/194\/revisions"}],"predecessor-version":[{"id":234,"href":"https:\/\/aretxabaletabotika.wdemo.net\/eu\/wp-json\/wp\/v2\/pages\/194\/revisions\/234"}],"wp:attachment":[{"href":"https:\/\/aretxabaletabotika.wdemo.net\/eu\/wp-json\/wp\/v2\/media?parent=194"}],"curies":[{"name":"wp","href":"https:\/\/api.w.org\/{rel}","templated":true}]}}