{"id":192,"date":"2022-09-14T11:08:34","date_gmt":"2022-09-14T11:08:34","guid":{"rendered":"https:\/\/aretxabaletabotika.wdemo.net\/?page_id=192"},"modified":"2022-09-14T11:08:34","modified_gmt":"2022-09-14T11:08:34","slug":"cookien-politika","status":"publish","type":"page","link":"https:\/\/aretxabaletabotika.wdemo.net\/eu\/cookien-politika\/","title":{"rendered":"Cookien politika"},"content":{"rendered":"<h3>\u00bfQU\u00c9 ES UNA COOKIE?<\/h3>\n<p>Una cookie es un peque\u00f1o fichero de texto que se almacena en su navegador cuando visita casi cualquier p\u00e1gina web. Su utilidad es que la web sea capaz de recordar su visita cuando vuelva a navegar por esa p\u00e1gina. Las cookies suelen almacenar informaci\u00f3n de car\u00e1cter t\u00e9cnico, preferencias personales, personalizaci\u00f3n de contenidos, estad\u00edsticas de uso, enlaces a redes sociales, acceso a cuentas de usuario, etc. El objetivo de la cookie es adaptar el contenido de la web a su perfil y necesidades, sin cookies los servicios ofrecidos por cualquier p\u00e1gina se ver\u00edan mermados notablemente.<\/p>\n<p>&nbsp;<\/p>\n<h3>COOKIES UTILIZADAS EN ESTE SITIO WEB<\/h3>\n<p>Siguiendo las directrices de la Agencia Espa\u00f1ola de Protecci\u00f3n de Datos procedemos a detallar el uso de cookies que hace esta web con el fin de informarle con la m\u00e1xima exactitud posible.<\/p>\n<p><b>wordpress_test_cookie, cookie_notice_accepted:<\/b> Cookie t\u00e9cnica y necesaria que guarda informaci\u00f3n sobre la aceptaci\u00f3n o consentimiento del uso de cookies de acuerdo con la selecci\u00f3n que realiza de forma que no se le vuelva a mostrar cada vez que accede al sitio web. La duraci\u00f3n es de 1 mes.<\/p>\n<p><b>wp-settings-time-, wp-settings-:<\/b> Estas cookies son utilizadas por WordPress para personalizar la Interfaz de Usuario. Tiene una duraci\u00f3n de 1 a\u00f1o.<\/p>\n<p><b>wordpress_logged_in_:<\/b> Despu\u00e9s del loggin, WordPress activa la cookie wordpress_logged_in_, cuya funci\u00f3n es indicar cuando se ha conectado y qui\u00e9n es, siendo utilizado por la interfaz de WordPress. Tiene una duraci\u00f3n de sesi\u00f3n.<\/p>\n<p>&nbsp;<\/p>\n<h3>DESACTIVACI\u00d3N O ELIMINACI\u00d3N DE COOKIES<\/h3>\n<p>En cualquier momento podr\u00e1 ejercer su derecho de desactivaci\u00f3n o eliminaci\u00f3n de cookies de este sitio web. Estas acciones se realizan de forma diferente en funci\u00f3n del navegador que est\u00e9 usando:<\/p>\n<p><b>Firefox:<\/b>\u00a0<a href=\"http:\/\/support.mozilla.org\/es\/kb\/habilitar-y-deshabilitar-cookies-que-los-sitios-we\">http:\/\/support.mozilla.org\/es\/kb\/habilitar-y-deshabilitar-cookies-que-los-sitios-we<\/a><br \/>\nPara acceder a la configuraci\u00f3n de cookies del navegador <b>Firefox<\/b> siga estos pasos (pueden variar en funci\u00f3n de la versi\u00f3n del navegador):<br \/>\n&#8211; Vaya a &#8220;Opciones&#8221; o &#8220;Preferencias&#8221; seg\u00fan su sistema operativo.<br \/>\n&#8211; Haga click en &#8220;Privacidad&#8221;.<br \/>\n&#8211; En &#8220;Historial&#8221; elija &#8220;Usar una configuraci\u00f3n personalizada para el historial&#8221;.<br \/>\n&#8211; Ahora ver\u00e1 la opci\u00f3n &#8220;Aceptar cookies&#8221;, puede activarla o desactivarla seg\u00fan sus preferencias.<\/p>\n<p><b>Internet Explorer:<\/b> <a href=\"http:\/\/windows.microsoft.com\/es-es\/windows-vista\/Block-or-allow-cookies\">http:\/\/windows.microsoft.com\/es-es\/windows-vista\/Block-or-allow-cookies<\/a><br \/>\nPara acceder a la configuraci\u00f3n de cookies del navegador <b>Internet Explorer<\/b> siga estos pasos (pueden variar en funci\u00f3n de la versi\u00f3n del navegador):<br \/>\n&#8211; Vaya a &#8220;Herramientas&#8221;, &#8220;Opciones de Internet&#8221;.<br \/>\n&#8211; Haga click en &#8220;Privacidad&#8221;.<br \/>\n&#8211; Mueva el deslizador hasta ajustar el nivel de privacidad que desee.<\/p>\n<p><b>Chrome:<\/b> <a href=\"https:\/\/support.google.com\/chrome\/answer\/95647?hl=es\">https:\/\/support.google.com\/chrome\/answer\/95647?hl=es<\/a><br \/>\nPara acceder a la configuraci\u00f3n de cookies del navegador <b>Chrome<\/b> siga estos pasos (pueden variar en funci\u00f3n de la versi\u00f3n del navegador):<br \/>\n&#8211; Vaya a &#8220;Configuraci\u00f3n&#8221; o &#8220;Preferencias&#8221; mediante el men\u00fa &#8220;Archivo&#8221; o bien pinchando el icono de personalizaci\u00f3n que aparece arriba a la derecha.<br \/>\n&#8211; Ver\u00e1 diferentes secciones, pinche la opci\u00f3n &#8220;Mostrar opciones avanzadas&#8221;.<br \/>\n&#8211; Vaya a &#8220;Privacidad&#8221;, &#8220;Configuraci\u00f3n de contenido&#8221;.<br \/>\n&#8211; Seleccione &#8220;Todas las cookies&#8221; y los datos de sitios.<br \/>\n&#8211; Aparecer\u00e1 un listado con todas las &#8220;cookies&#8221; ordenadas por dominio. Para que le sea m\u00e1s f\u00e1cil encontrar las &#8220;cookies&#8221; de un determinado dominio introduzca parcial o totalmente la direcci\u00f3n en el campo &#8220;Buscar cookies&#8221;.<br \/>\n&#8211; Tras realizar este filtro aparecer\u00e1n en pantalla una o varias l\u00edneas con las &#8220;cookies&#8221; de la web solicitada. Ahora s\u00f3lo tiene que seleccionarla y pulsar la X para proceder a su eliminaci\u00f3n.<\/p>\n<p><b>Safari:<\/b> <a href=\"http:\/\/support.apple.com\/kb\/HT1677?viewlocale=es_ES\">http:\/\/support.apple.com\/kb\/HT1677?viewlocale=es_ES<\/a><br \/>\nPara acceder a la configuraci\u00f3n de cookies del navegador <b>Safari para OSX<\/b> siga estos pasos (pueden variar en funci\u00f3n de la versi\u00f3n del navegador):<br \/>\n&#8211; Vaya a &#8220;Preferencias&#8221;, luego &#8220;Privacidad&#8221;.<br \/>\n&#8211; En este lugar ver\u00e1 la opci\u00f3n &#8220;Bloquear cookies&#8221; para que ajuste el tipo de bloqueo que desea realizar.<br \/>\nPara acceder a la configuraci\u00f3n de cookies del navegador <b>Safari para iOS<\/b> siga estos pasos (pueden variar en funci\u00f3n de la versi\u00f3n del navegador):<br \/>\n&#8211; Vaya a &#8220;Ajustes&#8221;, luego &#8220;Safari&#8221;.<br \/>\n&#8211; Vaya a &#8220;Privacidad y Seguridad&#8221;, ver\u00e1 la opci\u00f3n &#8220;Bloquear cookies&#8221; para que ajuste el tipo de bloqueo que desea realizar.<\/p>\n<p><b>Apple:<\/b> <a href=\"https:\/\/www.apple.com\/legal\/privacy\/es\/cookies\/\">https:\/\/www.apple.com\/legal\/privacy\/es\/cookies\/<\/a><\/p>\n<p><b>Android:<\/b><br \/>\nEnlace a pol\u00edticas de privacidad de Google: <a href=\"http:\/\/www.google.es\/intl\/es\/policies\/privacy\/\">http:\/\/www.google.es\/intl\/es\/policies\/privacy\/<\/a><br \/>\nEnlace a ayuda relacionada con Android: <a href=\"https:\/\/support.google.com\/android\/?hl=es\">https:\/\/support.google.com\/android\/?hl=es<\/a><br \/>\nPara acceder a la configuraci\u00f3n de cookies del navegador para dispositivos <b>Android<\/b> siga estos pasos (pueden variar en funci\u00f3n de la versi\u00f3n del navegador):<br \/>\n&#8211; Ejecute el navegador y pulse la tecla &#8220;Men\u00fa&#8221;, luego &#8220;Ajustes&#8221;.<br \/>\n&#8211; Vaya a &#8220;Seguridad y Privacidad&#8221;, ver\u00e1 la opci\u00f3n &#8220;Aceptar cookies&#8221; para que active o desactive la casilla.<\/p>\n<p><b>Windows Phone:<\/b> <a href=\"http:\/\/www.windowsphone.com\/es-ES\/how-to\/wp7\/web\/changing-privacy-and-other-browser-settings\">http:\/\/www.windowsphone.com\/es-ES\/how-to\/wp7\/web\/changing-privacy-and-other-browser-settings<\/a><br \/>\nPara acceder a la configuraci\u00f3n de cookies del navegador para dispositivos <b>Windows Phone<\/b> siga estos pasos (pueden variar en funci\u00f3n de la versi\u00f3n del navegador):<br \/>\n&#8211; Abra &#8220;Internet Explorer&#8221;, luego &#8220;M\u00e1s&#8221;, luego &#8220;Configuraci\u00f3n&#8221;.<br \/>\n&#8211; Ahora puede activar o desactivar la casilla &#8220;Permitir cookies&#8221;.<\/p>\n<p><b>BlackBerry:<\/b> <a href=\"http:\/\/docs.blackberry.com\/en\/smartphone_users\/deliverables\/18578\/Turn_off_cookies_in_the_browser_60_1072866_11.jsp\">http:\/\/docs.blackberry.com\/en\/smartphone_users\/deliverables\/18578\/Turn_off_cookies_in_the_browser_60_1072866_11.jsp<\/a><\/p>\n<p>&nbsp;<\/p>\n<h3>NOTAS ADICIONALES<\/h3>\n<p>&#8211; Ni esta web ni sus representantes legales se hacen responsables ni del contenido ni de la veracidad de las pol\u00edticas de privacidad que puedan tener los terceros mencionados en esta pol\u00edtica de cookies.<br \/>\n&#8211; Los navegadores web son las herramientas encargadas de almacenar las cookies y desde este lugar debe efectuar su derecho a eliminaci\u00f3n o desactivaci\u00f3n de las mismas. Ni esta web ni sus representantes legales pueden garantizar la correcta o incorrecta manipulaci\u00f3n de las cookies por parte de los mencionados navegadores.<br \/>\n&#8211; En algunos casos es necesario instalar cookies para que el navegador no olvide su decisi\u00f3n de no aceptaci\u00f3n de las mismas.<br \/>\n&#8211; En el caso de las cookies de Google Analytics, esta empresa almacena las cookies en servidores ubicados en Estados Unidos y se compromete a no compartirla con terceros, excepto en los casos en los que sea necesario para el funcionamiento del sistema o cuando la ley obligue a tal efecto. Seg\u00fan Google no guarda su direcci\u00f3n IP. Google Inc. es una compa\u00f1\u00eda adherida al Acuerdo de Puerto Seguro que garantiza que todos los datos transferidos ser\u00e1n tratados con un nivel de protecci\u00f3n acorde a la normativa europea. Puede consultar informaci\u00f3n detallada a este respecto <a href=\"http:\/\/safeharbor.export.gov\/companyinfo.aspx?id=16626\">en este enlace<\/a>. Si desea informaci\u00f3n sobre el uso que Google da a las cookies <a href=\"https:\/\/developers.google.com\/analytics\/devguides\/collection\/analyticsjs\/cookie-usage?hl=es&amp;csw=1\">le adjuntamos este otro enlace<\/a>.<\/p>\n<p>&nbsp;<\/p>\n","protected":false},"excerpt":{"rendered":"<p>\u00bfQU\u00c9 ES UNA COOKIE? Una cookie es un peque\u00f1o fichero de texto que se almacena en su navegador cuando visita casi cualquier p\u00e1gina web. Su utilidad es que la web sea capaz de recordar su visita cuando vuelva a navegar por esa p\u00e1gina. Las cookies suelen almacenar informaci\u00f3n de car\u00e1cter t\u00e9cnico, preferencias personales, personalizaci\u00f3n de [&hellip;]<\/p>\n","protected":false},"author":1,"featured_media":0,"parent":0,"menu_order":0,"comment_status":"closed","ping_status":"closed","template":"","meta":[],"acf":[],"_links":{"self":[{"href":"https:\/\/aretxabaletabotika.wdemo.net\/eu\/wp-json\/wp\/v2\/pages\/192"}],"collection":[{"href":"https:\/\/aretxabaletabotika.wdemo.net\/eu\/wp-json\/wp\/v2\/pages"}],"about":[{"href":"https:\/\/aretxabaletabotika.wdemo.net\/eu\/wp-json\/wp\/v2\/types\/page"}],"author":[{"embeddable":true,"href":"https:\/\/aretxabaletabotika.wdemo.net\/eu\/wp-json\/wp\/v2\/users\/1"}],"replies":[{"embeddable":true,"href":"https:\/\/aretxabaletabotika.wdemo.net\/eu\/wp-json\/wp\/v2\/comments?post=192"}],"version-history":[{"count":1,"href":"https:\/\/aretxabaletabotika.wdemo.net\/eu\/wp-json\/wp\/v2\/pages\/192\/revisions"}],"predecessor-version":[{"id":193,"href":"https:\/\/aretxabaletabotika.wdemo.net\/eu\/wp-json\/wp\/v2\/pages\/192\/revisions\/193"}],"wp:attachment":[{"href":"https:\/\/aretxabaletabotika.wdemo.net\/eu\/wp-json\/wp\/v2\/media?parent=192"}],"curies":[{"name":"wp","href":"https:\/\/api.w.org\/{rel}","templated":true}]}}