{"id":186,"date":"2022-09-14T11:05:49","date_gmt":"2022-09-14T11:05:49","guid":{"rendered":"https:\/\/aretxabaletabotika.wdemo.net\/?page_id=186"},"modified":"2022-09-14T12:26:44","modified_gmt":"2022-09-14T12:26:44","slug":"lege-oharra","status":"publish","type":"page","link":"https:\/\/aretxabaletabotika.wdemo.net\/eu\/lege-oharra\/","title":{"rendered":"Lege oharra"},"content":{"rendered":"<p>De acuerdo con las obligaciones previstas en la Ley 34\/2002 de 11 de julio, de servicios de la Sociedad de la Informaci\u00f3n y del comercio electr\u00f3nico, ARETXABALETA BOTIKA manifiesta que el dominio <a href=\"https:\/\/www.aretxabaletabotika.es\">www.aretxabaletabotika.es<\/a> es propiedad de ARETXABALETA BOTIKA, con IFZ 15349857W, y domicilio en Barrio Belorrieta 1, 20550 Aretxabaleta (Gipuzkoa).<\/p>\n<p>ARETXABALETA BOTIKA no puede asumir ninguna responsabilidad derivada del uso incorrecto, inapropiado o il\u00edcito de la informaci\u00f3n aparecida en sus p\u00e1ginas.<\/p>\n<p>Al usar el sitio web <a href=\"https:\/\/www.aretxabaletabotika.es\">www.aretxabaletabotika.es<\/a> se entiende que el usuario ha le\u00eddo, entendido y aceptado \u00edntegramente y sin reservas este aviso legal, las condiciones de uso, la pol\u00edtica de privacidad y dem\u00e1s avisos o instrucciones que figuran en este sitio web, comprometi\u00e9ndose a hacer un buen uso del mismo conforme a la ley, la moral y el orden p\u00fablico.<\/p>\n<p>ARETXABALETA BOTIKA, se reserva el derecho de modificar en cualquier momento contenidos, informaciones, los t\u00e9rminos de este sitio web, de las presentes condiciones de uso, pol\u00edticas de privacidad y dem\u00e1s avisos legales. En este caso, informaremos a los usuarios a trav\u00e9s del sitio web.<\/p>\n<p>En el sitio web <a href=\"https:\/\/www.aretxabaletabotika.es\">www.aretxabaletabotika.es<\/a> pueden existir enlaces (links) a otras p\u00e1ginas web de terceros. En este caso, ARETXABALETA BOTIKA no puede asumir responsabilidades por el contenido que pueda aparecer en p\u00e1ginas de terceros.<\/p>\n<p>Los textos, im\u00e1genes, sonidos, animaciones, software y el resto de los contenidos incluidos en este sitio web son propiedad exclusiva de ARETXABALETA BOTIKA. Cualquier acto de transmisi\u00f3n, distribuci\u00f3n, cesi\u00f3n, reproducci\u00f3n, almacenamiento o comunicaci\u00f3n p\u00fablica total o parcial, debe contar con el consentimiento expreso de ARETXABALETA BOTIKA.<\/p>\n<p>&nbsp;<\/p>\n<h3>PROTECCI\u00d3N DE DATOS PERSONALES<\/h3>\n<p>En virtud de la Ley 15\/1999, de 13 de diciembre, sobre la Protecci\u00f3n de Datos de car\u00e1cter personal, lo hacemos conocedor de que sus datos personales, que pueden estar en esta comunicaci\u00f3n, est\u00e1n incorporados en un fichero automatizado responsabilidad de ARETXABALETA BOTIKA, IFZ: 15349857W. La finalidad de este fichero es la de gestionar la relaci\u00f3n con nuestros clientes e informarles de nuestros servicios. Estos datos no ser\u00e1n transmitidos a terceras personas.<\/p>\n<p>As\u00ed mismo, para acceder a algunos servicios u obtener informaci\u00f3n que ARETXABALETA BOTIKA ofrece a trav\u00e9s de este sitio web deber\u00e1 proporcionar algunos datos de car\u00e1cter personal. En cumplimiento de lo establecido en la Ley 15\/1999, de 13 de diciembre, de Protecci\u00f3n de Datos de Car\u00e1cter Personal le informamos que, mediante el cumplimiento del formulario, sus datos personales quedar\u00e1n incorporados y ser\u00e1n tratados en los ficheros de ARETXABALETA BOTIKA con la finalidad de poderle prestar y ofrecer nuestros servicios, as\u00ed como para informar de las mejoras de la Web.<\/p>\n<p>&nbsp;<\/p>\n<h3>PROPIEDAD INDUSTRIAL E INTELECTUAL<\/h3>\n<p>Esta web es propiedad de ARETXABALETA BOTIKA. Los derechos de Propiedad Intelectual y derechos de explotaci\u00f3n y reproducci\u00f3n de esta web, de sus p\u00e1ginas, pantallas, la Informaci\u00f3n que contienen, su apariencia y dise\u00f1o, as\u00ed como los v\u00ednculos que se establezcan desde ella a otras p\u00e1ginas web de cualquier sociedad son propiedad exclusiva de esta, salvo que expresamente se especifique otra cosa.<\/p>\n<p>Cualquier uso indebido de las mismas por personas diferentes de su leg\u00edtimo titular y sin el consentimiento expreso e inequ\u00edvoco por parte de este podr\u00e1 ser denunciado y perseguido a trav\u00e9s de todos los medios legales existentes en el Ordenamiento Jur\u00eddico espa\u00f1ol y\/o comunitario.<\/p>\n<p>Solo para uso personal y privado se permiten descargar los contenidos, copiar o imprimir cualquier p\u00e1gina de esta web. Queda prohibido reproducir, transmitir, modificar o suprimir la informaci\u00f3n, contenido o advertencias de esta web sin la previa autorizaci\u00f3n por escrito de ARETXABALETA BOTIKA.<\/p>\n<p>&nbsp;<\/p>\n<h3>COMUNICACIONES COMERCIALES<\/h3>\n<p>De acuerdo con lo dispuesto por la Ley 34\/2002, de 11 de julio, de Servicios de la Sociedad de la Informaci\u00f3n y de Comercio Electr\u00f3nico y de la Ley 56\/2007, de 28 de diciembre, de Medidas de Impulso de la Sociedad de la Informaci\u00f3n que la modifica, se informa a los usuarios del sitio web <a href=\"https:\/\/www.aretxabaletabotika.es\">www.aretxabaletabotika.es<\/a> que no se les enviar\u00e1 publicidad o comunicaciones comerciales por correo electr\u00f3nico u otros medios de comunicaci\u00f3n electr\u00f3nica equivalentes sin su previa solicitud o consentimiento, que ser\u00e1 obtenido a trav\u00e9s de los correspondientes formularios habilitados al efecto.<\/p>\n<p>&nbsp;<\/p>\n<h3>RESPONSABILIDAD DEL TITULAR DEL SITIO WEB<\/h3>\n<p>ARETXABALETA BOTIKA no garantiza la ausencia de virus ni de otros elementos en los contenidos, por lo que no asume ninguna responsabilidad por da\u00f1os que se puedan causar en los equipos o sistemas de los usuarios por posibles virus inform\u00e1ticos que se hubieran podido contraer por la navegaci\u00f3n del usuario en el sitio web.<\/p>\n<p>Del mismo modo, el titular del sitio web <a href=\"https:\/\/www.aretxabaletabotika.es\">www.aretxabaletabotika.es<\/a> tampoco controla ni garantiza el acceso continuado, ni la correcta visualizaci\u00f3n, descarga o utilidad de los elementos e informaciones contenidas en su sitio web, que pueden verse impedidos, dificultados o interrumpidos por factores o circunstancias que est\u00e1n fuera de su control y no se hace responsable en caso de existir interrupciones del servicio, demoras o mal funcionamiento cuando de deban a causas ajenas al control de ARETXABALETA BOTIKA, por fuerza mayor, ni la que se deba a una actuaci\u00f3n dolosa o culposa por parte del usuario.<\/p>\n<p>ARETXABALETA BOTIKA no asume ninguna responsabilidad por la informaci\u00f3n que pueda existir sobre nosotros en sitios web de terceros ni a la que se puede acceder a trav\u00e9s de buscadores o de enlaces de terceros a nuestro sitio web <a href=\"https:\/\/www.aretxabaletabotika.es\">www.aretxabaletabotika.es<\/a>.<\/p>\n<p>&nbsp;<\/p>\n<h3>LEY APLICABLE Y JURISDICCI\u00d3N<\/h3>\n<p>La actividad desarrollada a trav\u00e9s del sitio web <a href=\"https:\/\/www.aretxabaletabotika.es\">www.aretxabaletabotika.es<\/a> est\u00e1 sometida a la legislaci\u00f3n espa\u00f1ola vigente que resulte de aplicaci\u00f3n.<\/p>\n<p>Para cualquier controversia o conflicto que resulte ente ARETXABALETA BOTIKA y los usuarios del sitio web <a href=\"https:\/\/www.aretxabaletabotika.es\">www.aretxabaletabotika.es<\/a>, las partes acuerdan expresamente someterse a la competencia de los Juzgados y Tribunales de Espa\u00f1a, concretamente los de la ciudad de \u00c9ibar.<\/p>\n<p>&nbsp;<\/p>\n","protected":false},"excerpt":{"rendered":"<p>De acuerdo con las obligaciones previstas en la Ley 34\/2002 de 11 de julio, de servicios de la Sociedad de la Informaci\u00f3n y del comercio electr\u00f3nico, ARETXABALETA BOTIKA manifiesta que el dominio www.aretxabaletabotika.es es propiedad de ARETXABALETA BOTIKA, con IFZ 15349857W, y domicilio en Barrio Belorrieta 1, 20550 Aretxabaleta (Gipuzkoa). ARETXABALETA BOTIKA no puede asumir [&hellip;]<\/p>\n","protected":false},"author":1,"featured_media":0,"parent":0,"menu_order":0,"comment_status":"closed","ping_status":"closed","template":"","meta":[],"acf":[],"_links":{"self":[{"href":"https:\/\/aretxabaletabotika.wdemo.net\/eu\/wp-json\/wp\/v2\/pages\/186"}],"collection":[{"href":"https:\/\/aretxabaletabotika.wdemo.net\/eu\/wp-json\/wp\/v2\/pages"}],"about":[{"href":"https:\/\/aretxabaletabotika.wdemo.net\/eu\/wp-json\/wp\/v2\/types\/page"}],"author":[{"embeddable":true,"href":"https:\/\/aretxabaletabotika.wdemo.net\/eu\/wp-json\/wp\/v2\/users\/1"}],"replies":[{"embeddable":true,"href":"https:\/\/aretxabaletabotika.wdemo.net\/eu\/wp-json\/wp\/v2\/comments?post=186"}],"version-history":[{"count":4,"href":"https:\/\/aretxabaletabotika.wdemo.net\/eu\/wp-json\/wp\/v2\/pages\/186\/revisions"}],"predecessor-version":[{"id":237,"href":"https:\/\/aretxabaletabotika.wdemo.net\/eu\/wp-json\/wp\/v2\/pages\/186\/revisions\/237"}],"wp:attachment":[{"href":"https:\/\/aretxabaletabotika.wdemo.net\/eu\/wp-json\/wp\/v2\/media?parent=186"}],"curies":[{"name":"wp","href":"https:\/\/api.w.org\/{rel}","templated":true}]}}